{"id":779,"date":"2018-06-28T17:33:25","date_gmt":"2018-06-28T20:33:25","guid":{"rendered":"https:\/\/ifdcalbinosb-lrj.infd.edu.ar\/sitio\/datos-institucionales\/"},"modified":"2024-03-08T17:55:29","modified_gmt":"2024-03-08T20:55:29","slug":"datos-institucionales","status":"publish","type":"page","link":"https:\/\/ifdcalbinosb-lrj.infd.edu.ar\/sitio\/datos-institucionales\/","title":{"rendered":"Datos institucionales"},"content":{"rendered":"<div id=\"main\" class=\"grid-block\">\n<div id=\"maininner\" class=\"grid-box\">\n<section id=\"content\" class=\"grid-block\">\n<div id=\"system\">\n<article class=\"item\">\n<div class=\"content clearfix\">\n<table border=\"0\" cellspacing=\"0\">\n<tbody>\n<tr>\n<td height=\"20\">Nombre del I.S.F.D.:<\/td>\n<td><strong>I.S.F.D. \u201cInspector Albino S\u00e1nchez Barros\u201d<\/strong><\/td>\n<\/tr>\n<tr>\n<td height=\"20\">Direcci\u00f3n:<\/td>\n<td><strong>Avda Facundo Quiroga N\u00ba 250<\/strong><\/td>\n<\/tr>\n<tr>\n<td height=\"20\">Tel.:<\/td>\n<td><strong>0380-4231098<\/strong><\/td>\n<\/tr>\n<tr>\n<td height=\"20\">Localidad:<\/td>\n<td><strong>Capital<\/strong><\/td>\n<\/tr>\n<tr>\n<td height=\"20\">C\u00f3digo Postal:<\/td>\n<td><strong>5300<\/strong><\/td>\n<\/tr>\n<tr>\n<td height=\"20\">Gesti\u00f3n:<\/td>\n<td><strong>Estatal<\/strong><\/td>\n<\/tr>\n<tr>\n<td height=\"20\"><\/td>\n<td><\/td>\n<\/tr>\n<tr>\n<td height=\"21\">Circuito y Regi\u00f3n a la que pertenece seg\u00fan re ordenamiento:<\/td>\n<td>\u00a0<strong>IV<\/strong><\/td>\n<\/tr>\n<tr>\n<td height=\"20\"><\/td>\n<td><\/td>\n<\/tr>\n<tr>\n<td height=\"20\">CUE:<\/td>\n<td><strong>460005300<\/strong><\/td>\n<\/tr>\n<tr>\n<td height=\"20\">Provincia :<\/td>\n<td><strong>La Rioja<\/strong><\/td>\n<\/tr>\n<tr>\n<td height=\"20\">C\u00f3digo:<\/td>\n<td><strong>423<\/strong><\/td>\n<\/tr>\n<\/tbody>\n<\/table>\n<\/div>\n<\/article>\n<\/div>\n<\/section>\n<\/div>\n<aside id=\"sidebar-b\" class=\"grid-box\">\n<div class=\"grid-box width100 grid-v\">\n<div class=\"module mod-box  deepest\">\n<\/div>\n<\/div>\n<\/aside>\n<\/div>\n<section id=\"bottom-c\" class=\"grid-block \">\n<div class=\"grid-box width100 grid-h\">\n<div class=\"module mod-box  deepest\">\n<div class=\"div1\">\n<table cellspacing=\"0\" cellpadding=\"4\" align=\"center\">\n<colgroup>\n<col width=\"51*\" \/>\n<col width=\"51*\" \/>\n<col width=\"51*\" \/>\n<col width=\"51*\" \/>\n<col width=\"51*\" \/><\/colgroup>\n<tbody>\n<tr align=\"center\" valign=\"middle\">\n<td valign=\"middle\"><a href=\"http:\/\/educacion.gob.ar\/ministerio-de-educacion\" target=\"_blank\" rel=\"noopener\"><img decoding=\"async\" loading=\"lazy\" src=\"https:\/\/albinosanchezbarros.edu.ar\/images\/img\/asb\/portada\/ministerioN.png\" alt=\"ministerio\" width=\"138\" height=\"48\" \/><\/a><\/td>\n<td align=\"center\" valign=\"middle\"><\/td>\n<\/tr>\n<\/tbody>\n<\/table>\n<\/div>\n<\/div>\n<\/div>\n<\/section>\n","protected":false},"excerpt":{"rendered":"<p>Nombre del I.S.F.D.: I.S.F.D. \u201cInspector Albino S\u00e1nchez Barros\u201d Direcci\u00f3n: Avda Facundo Quiroga N\u00ba 250 Tel.: 0380-4231098 Localidad: Capital C\u00f3digo Postal: 5300 Gesti\u00f3n: Estatal Circuito y Regi\u00f3n a la que pertenece seg\u00fan re ordenamiento: \u00a0IV CUE: 460005300 Provincia : La Rioja C\u00f3digo: 423<\/p>\n","protected":false},"author":1311,"featured_media":0,"parent":0,"menu_order":0,"comment_status":"closed","ping_status":"closed","template":"","meta":[],"acf":[],"_links":{"self":[{"href":"https:\/\/ifdcalbinosb-lrj.infd.edu.ar\/sitio\/wp-json\/wp\/v2\/pages\/779"}],"collection":[{"href":"https:\/\/ifdcalbinosb-lrj.infd.edu.ar\/sitio\/wp-json\/wp\/v2\/pages"}],"about":[{"href":"https:\/\/ifdcalbinosb-lrj.infd.edu.ar\/sitio\/wp-json\/wp\/v2\/types\/page"}],"author":[{"embeddable":true,"href":"https:\/\/ifdcalbinosb-lrj.infd.edu.ar\/sitio\/wp-json\/wp\/v2\/users\/1311"}],"replies":[{"embeddable":true,"href":"https:\/\/ifdcalbinosb-lrj.infd.edu.ar\/sitio\/wp-json\/wp\/v2\/comments?post=779"}],"version-history":[{"count":5,"href":"https:\/\/ifdcalbinosb-lrj.infd.edu.ar\/sitio\/wp-json\/wp\/v2\/pages\/779\/revisions"}],"predecessor-version":[{"id":861,"href":"https:\/\/ifdcalbinosb-lrj.infd.edu.ar\/sitio\/wp-json\/wp\/v2\/pages\/779\/revisions\/861"}],"wp:attachment":[{"href":"https:\/\/ifdcalbinosb-lrj.infd.edu.ar\/sitio\/wp-json\/wp\/v2\/media?parent=779"}],"curies":[{"name":"wp","href":"https:\/\/api.w.org\/{rel}","templated":true}]}}